{"id":2622,"date":"2020-12-17T00:07:19","date_gmt":"2020-12-16T21:07:19","guid":{"rendered":"https:\/\/kamerapoll.com\/?page_id=2622"},"modified":"2020-12-20T00:19:43","modified_gmt":"2020-12-19T21:19:43","slug":"hakkimizda","status":"publish","type":"page","link":"https:\/\/kamerapoll.com\/index.php\/hakkimizda\/","title":{"rendered":"Hakk\u0131m\u0131zda"},"content":{"rendered":"\n<h3 class=\"wp-block-heading\">Kamerapoll, g\u00fcvenlik kamera sistemleri ile ilgili her konuda size destek verebilir.<\/h3>\n\n\n\n<h3 class=\"wp-block-heading\">Risk analizi, ke\u015fif, \u00fcr\u00fcn se\u00e7imi, m\u00fchendislik, sat\u0131\u015f, montaj, devreye alma, ar\u0131za servis ve kamera sistemi periyodik bak\u0131m hizmetleri i\u00e7in 7\/24 bizi arayabilirsiniz.<\/h3>\n\n\n\n<h3 class=\"wp-block-heading\">Ayr\u0131ca, Kamerapoll youtube kanal\u0131m\u0131zdan, CCTV g\u00fcvenlik kamera sistemleri ile ilgili sorular\u0131n\u0131z\u0131n cevaplar\u0131n\u0131 bulabilece\u011finiz videolar\u0131m\u0131z\u0131 inceleyebilir ve a\u00e7\u0131k kaynak, \u00fccretsiz destek hizmetimizden de yararlanabilirsiniz.<\/h3>\n\n\n\n<h3 class=\"wp-block-heading\">Kamerapoll&#8217;\u00fc, h\u0131rs\u0131z alarm sistemleri konular\u0131nda da ihtiya\u00e7lar\u0131n\u0131z ve sorunlar\u0131n \u00e7\u00f6z\u00fcm\u00fc i\u00e7in arayabilirsiniz.<\/h3>\n\n\n\n<h2 class=\"wp-block-heading\"><strong>Telefon: 0(212)3207979<\/strong><\/h2>\n\n\n\n<h2 class=\"wp-block-heading\"><strong>E-Posta: iletisim@kamerapoll.com<\/strong><\/h2>\n\n\n\n<figure class=\"wp-block-image size-large\"><img decoding=\"async\" width=\"848\" height=\"380\" src=\"https:\/\/kamerapoll.com\/wp-content\/uploads\/2020\/12\/3-2.jpg\" alt=\"\" class=\"wp-image-2725\" srcset=\"https:\/\/kamerapoll.com\/wp-content\/uploads\/2020\/12\/3-2.jpg 848w, https:\/\/kamerapoll.com\/wp-content\/uploads\/2020\/12\/3-2-300x134.jpg 300w, https:\/\/kamerapoll.com\/wp-content\/uploads\/2020\/12\/3-2-768x344.jpg 768w\" sizes=\"(max-width: 848px) 100vw, 848px\" \/><\/figure>\n\n\n\n<figure class=\"wp-block-image size-large\"><img decoding=\"async\" width=\"848\" height=\"380\" src=\"https:\/\/kamerapoll.com\/wp-content\/uploads\/2020\/12\/4-2.jpg\" alt=\"\" class=\"wp-image-2727\" srcset=\"https:\/\/kamerapoll.com\/wp-content\/uploads\/2020\/12\/4-2.jpg 848w, https:\/\/kamerapoll.com\/wp-content\/uploads\/2020\/12\/4-2-300x134.jpg 300w, https:\/\/kamerapoll.com\/wp-content\/uploads\/2020\/12\/4-2-768x344.jpg 768w\" sizes=\"(max-width: 848px) 100vw, 848px\" \/><\/figure>\n\n\n\n<figure class=\"wp-block-image size-large\"><img decoding=\"async\" width=\"848\" height=\"380\" src=\"https:\/\/kamerapoll.com\/wp-content\/uploads\/2020\/12\/1-3.jpg\" alt=\"\" class=\"wp-image-2728\" srcset=\"https:\/\/kamerapoll.com\/wp-content\/uploads\/2020\/12\/1-3.jpg 848w, https:\/\/kamerapoll.com\/wp-content\/uploads\/2020\/12\/1-3-300x134.jpg 300w, https:\/\/kamerapoll.com\/wp-content\/uploads\/2020\/12\/1-3-768x344.jpg 768w\" sizes=\"(max-width: 848px) 100vw, 848px\" \/><\/figure>\n\n\n\n<figure class=\"wp-block-image size-large\"><img decoding=\"async\" width=\"848\" height=\"380\" src=\"https:\/\/kamerapoll.com\/wp-content\/uploads\/2020\/12\/5-2.jpg\" alt=\"\" class=\"wp-image-2729\" srcset=\"https:\/\/kamerapoll.com\/wp-content\/uploads\/2020\/12\/5-2.jpg 848w, https:\/\/kamerapoll.com\/wp-content\/uploads\/2020\/12\/5-2-300x134.jpg 300w, https:\/\/kamerapoll.com\/wp-content\/uploads\/2020\/12\/5-2-768x344.jpg 768w\" sizes=\"(max-width: 848px) 100vw, 848px\" \/><\/figure>\n\n\n\n<figure class=\"wp-block-image size-large\"><img decoding=\"async\" width=\"848\" height=\"380\" src=\"https:\/\/kamerapoll.com\/wp-content\/uploads\/2020\/12\/7-1.jpg\" alt=\"\" class=\"wp-image-2730\" srcset=\"https:\/\/kamerapoll.com\/wp-content\/uploads\/2020\/12\/7-1.jpg 848w, https:\/\/kamerapoll.com\/wp-content\/uploads\/2020\/12\/7-1-300x134.jpg 300w, https:\/\/kamerapoll.com\/wp-content\/uploads\/2020\/12\/7-1-768x344.jpg 768w\" sizes=\"(max-width: 848px) 100vw, 848px\" \/><\/figure>\n\n\n\n<figure class=\"wp-block-image size-large\"><img decoding=\"async\" width=\"848\" height=\"380\" src=\"https:\/\/kamerapoll.com\/wp-content\/uploads\/2020\/12\/9-1.jpg\" alt=\"\" class=\"wp-image-2731\" srcset=\"https:\/\/kamerapoll.com\/wp-content\/uploads\/2020\/12\/9-1.jpg 848w, https:\/\/kamerapoll.com\/wp-content\/uploads\/2020\/12\/9-1-300x134.jpg 300w, https:\/\/kamerapoll.com\/wp-content\/uploads\/2020\/12\/9-1-768x344.jpg 768w\" sizes=\"(max-width: 848px) 100vw, 848px\" \/><\/figure>\n\n\n\n<figure class=\"wp-block-image size-large\"><img decoding=\"async\" width=\"848\" height=\"380\" src=\"https:\/\/kamerapoll.com\/wp-content\/uploads\/2020\/12\/6-1.jpg\" alt=\"\" class=\"wp-image-2732\" srcset=\"https:\/\/kamerapoll.com\/wp-content\/uploads\/2020\/12\/6-1.jpg 848w, https:\/\/kamerapoll.com\/wp-content\/uploads\/2020\/12\/6-1-300x134.jpg 300w, https:\/\/kamerapoll.com\/wp-content\/uploads\/2020\/12\/6-1-768x344.jpg 768w\" sizes=\"(max-width: 848px) 100vw, 848px\" \/><\/figure>\n\n\n\n<figure class=\"wp-block-image size-large\"><img decoding=\"async\" width=\"848\" height=\"380\" src=\"https:\/\/kamerapoll.com\/wp-content\/uploads\/2020\/12\/8-1.jpg\" alt=\"\" class=\"wp-image-2733\" srcset=\"https:\/\/kamerapoll.com\/wp-content\/uploads\/2020\/12\/8-1.jpg 848w, https:\/\/kamerapoll.com\/wp-content\/uploads\/2020\/12\/8-1-300x134.jpg 300w, https:\/\/kamerapoll.com\/wp-content\/uploads\/2020\/12\/8-1-768x344.jpg 768w\" sizes=\"(max-width: 848px) 100vw, 848px\" \/><\/figure>\n\n\n\n<figure class=\"wp-block-image size-large\"><img decoding=\"async\" width=\"848\" height=\"380\" src=\"https:\/\/kamerapoll.com\/wp-content\/uploads\/2020\/12\/10-1.jpg\" alt=\"\" class=\"wp-image-2734\" srcset=\"https:\/\/kamerapoll.com\/wp-content\/uploads\/2020\/12\/10-1.jpg 848w, https:\/\/kamerapoll.com\/wp-content\/uploads\/2020\/12\/10-1-300x134.jpg 300w, https:\/\/kamerapoll.com\/wp-content\/uploads\/2020\/12\/10-1-768x344.jpg 768w\" sizes=\"(max-width: 848px) 100vw, 848px\" \/><\/figure>\n\n\n\n<figure class=\"wp-block-image size-large\"><img decoding=\"async\" width=\"848\" height=\"380\" src=\"https:\/\/kamerapoll.com\/wp-content\/uploads\/2020\/12\/11-1.jpg\" alt=\"\" class=\"wp-image-2735\" srcset=\"https:\/\/kamerapoll.com\/wp-content\/uploads\/2020\/12\/11-1.jpg 848w, https:\/\/kamerapoll.com\/wp-content\/uploads\/2020\/12\/11-1-300x134.jpg 300w, https:\/\/kamerapoll.com\/wp-content\/uploads\/2020\/12\/11-1-768x344.jpg 768w\" sizes=\"(max-width: 848px) 100vw, 848px\" \/><\/figure>\n","protected":false},"excerpt":{"rendered":"<p>Kamerapoll, g\u00fcvenlik kamera sistemleri ile ilgili her konuda size destek verebilir. Risk<\/p>\n","protected":false},"author":1,"featured_media":2583,"parent":0,"menu_order":0,"comment_status":"closed","ping_status":"closed","template":"","meta":{"footnotes":""},"class_list":["post-2622","page","type-page","status-publish","has-post-thumbnail","hentry"],"jetpack_sharing_enabled":true,"_links":{"self":[{"href":"https:\/\/kamerapoll.com\/index.php\/wp-json\/wp\/v2\/pages\/2622","targetHints":{"allow":["GET"]}}],"collection":[{"href":"https:\/\/kamerapoll.com\/index.php\/wp-json\/wp\/v2\/pages"}],"about":[{"href":"https:\/\/kamerapoll.com\/index.php\/wp-json\/wp\/v2\/types\/page"}],"author":[{"embeddable":true,"href":"https:\/\/kamerapoll.com\/index.php\/wp-json\/wp\/v2\/users\/1"}],"replies":[{"embeddable":true,"href":"https:\/\/kamerapoll.com\/index.php\/wp-json\/wp\/v2\/comments?post=2622"}],"version-history":[{"count":7,"href":"https:\/\/kamerapoll.com\/index.php\/wp-json\/wp\/v2\/pages\/2622\/revisions"}],"predecessor-version":[{"id":2738,"href":"https:\/\/kamerapoll.com\/index.php\/wp-json\/wp\/v2\/pages\/2622\/revisions\/2738"}],"wp:featuredmedia":[{"embeddable":true,"href":"https:\/\/kamerapoll.com\/index.php\/wp-json\/wp\/v2\/media\/2583"}],"wp:attachment":[{"href":"https:\/\/kamerapoll.com\/index.php\/wp-json\/wp\/v2\/media?parent=2622"}],"curies":[{"name":"wp","href":"https:\/\/api.w.org\/{rel}","templated":true}]}}